{"id":15822,"date":"2025-07-02T10:28:32","date_gmt":"2025-07-02T10:28:32","guid":{"rendered":"https:\/\/diyetisyensenakarabacak.com.tr\/?page_id=15822"},"modified":"2025-07-02T10:34:07","modified_gmt":"2025-07-02T10:34:07","slug":"konya-wonder-ile-zayiflama","status":"publish","type":"page","link":"https:\/\/diyetisyensenakarabacak.com.tr\/?page_id=15822","title":{"rendered":"Konya Wonder \u0130le Zay\u0131flama"},"content":{"rendered":"\t\t<div data-elementor-type=\"wp-page\" data-elementor-id=\"15822\" class=\"elementor elementor-15822\">\n\t\t\t\t\t\t<section class=\"wd-negative-gap elementor-section elementor-top-section elementor-element elementor-element-22f80858 wd-section-stretch elementor-section-content-middle elementor-section-boxed elementor-section-height-default elementor-section-height-default\" data-id=\"22f80858\" data-element_type=\"section\" data-settings=\"{&quot;background_background&quot;:&quot;classic&quot;}\">\n\t\t\t\t\t\t\t<div class=\"elementor-background-overlay\"><\/div>\n\t\t\t\t\t\t\t<div class=\"elementor-container elementor-column-gap-no\">\n\t\t\t\t\t<div class=\"elementor-column elementor-col-50 elementor-top-column elementor-element elementor-element-11ca2c26\" data-id=\"11ca2c26\" data-element_type=\"column\" data-settings=\"{&quot;background_background&quot;:&quot;classic&quot;}\">\n\t\t\t<div class=\"elementor-widget-wrap elementor-element-populated\">\n\t\t\t\t\t\t<section class=\"wd-negative-gap elementor-section elementor-inner-section elementor-element elementor-element-3b63e55c elementor-section-boxed elementor-section-height-default elementor-section-height-default\" data-id=\"3b63e55c\" data-element_type=\"section\" data-settings=\"{&quot;background_background&quot;:&quot;classic&quot;}\">\n\t\t\t\t\t\t<div class=\"elementor-container elementor-column-gap-default\">\n\t\t\t\t\t<div class=\"elementor-column elementor-col-100 elementor-inner-column elementor-element elementor-element-15ced2b8\" data-id=\"15ced2b8\" data-element_type=\"column\">\n\t\t\t<div class=\"elementor-widget-wrap elementor-element-populated\">\n\t\t\t\t\t\t<div class=\"elementor-element elementor-element-2ace37de wd-width-100 elementor-widget elementor-widget-wd_title\" data-id=\"2ace37de\" data-element_type=\"widget\" data-widget_type=\"wd_title.default\">\n\t\t\t\t<div class=\"elementor-widget-container\">\n\t\t\t\t\t\t\t\t<link rel=\"stylesheet\" id=\"wd-section-title-css\" href=\"https:\/\/diyetisyensenakarabacak.com.tr\/wp-content\/themes\/woodmart\/css\/parts\/el-section-title.min.css?ver=7.6.0\" type=\"text\/css\" media=\"all\" \/> \t\t\t\t\t<div class=\"title-wrapper set-mb-s reset-last-child wd-title-color-default wd-title-style-default wd-title-size-default text-left\">\n\n\t\t\t\n\t\t\t<div class=\"liner-continer\">\n\t\t\t\t<h4 class=\"woodmart-title-container title wd-fontsize-l\">Wonder \u0130le Zay\u0131flama<\/h4> \n\t\t\t\t\t\t\t<\/div>\n\n\t\t\t\t\t<\/div>\n\t\t\t\t\t\t<\/div>\n\t\t\t\t<\/div>\n\t\t\t\t<div class=\"elementor-element elementor-element-28bfea6b elementor-widget elementor-widget-wd_text_block\" data-id=\"28bfea6b\" data-element_type=\"widget\" data-widget_type=\"wd_text_block.default\">\n\t\t\t\t<div class=\"elementor-widget-container\">\n\t\t\t\t\t\t\t\t<link rel=\"stylesheet\" id=\"wd-text-block-css\" href=\"https:\/\/diyetisyensenakarabacak.com.tr\/wp-content\/themes\/woodmart\/css\/parts\/el-text-block.min.css?ver=7.6.0\" type=\"text\/css\" media=\"all\" \/> \t\t\t\t\t<div class=\"wd-text-block reset-last-child text-left\">\n\t\t\t\n\t\t\t<p><strong>Wonder estetik zay\u0131flama<\/strong>, elektromanyetik kas sim\u00fclasyonu ile b\u00f6lgesel ya\u011flardan ve sel\u00fclitlerden kurtulmak m\u00fcmk\u00fcn hale gelmektedir. Ya\u011flar\u0131 yakarak v\u00fccudu \u015fekillendiren Wonder estetik zay\u0131flama, kaslara g\u00f6nderdi\u011fi elektrik sinyalleriyle kaslar\u0131n kas\u0131lmas\u0131n\u0131 sa\u011flar ve kas k\u00fctlesini artt\u0131r\u0131r. Wonder estetik zay\u0131flama, k\u0131sa bir s\u00fcrede b\u00f6lgesel ya\u011flar\u0131n ve kilolar\u0131n yok olmas\u0131n\u0131 sa\u011flayara ve ameliyats\u0131z yap\u0131lan v\u00fccut \u015fekillendirme ve geli\u015ftirme y\u00f6ntemi olarak \u00f6n plana \u00e7\u0131kar.Wonder estetik zay\u0131flama i\u015flemi, kas yapmak ve ya\u011f par\u00e7alamak i\u00e7in geli\u015ftirilmi\u015f en g\u00fc\u00e7l\u00fc estetik ama\u00e7l\u0131 cihazd\u0131r. Son teknoloji ve bilimsel verilerle desteklenmi\u015ftir. Fonksiyonel ve elektriksel manyetik sim\u00fclasyonunun ikili etkisi e\u015f zamanl\u0131 olarak kar\u0131n, kal\u00e7a ve bacak kaslar\u0131nda motor sinirlerle ba\u011flant\u0131lar kurarak uyar\u0131p kasar.<\/p>\n\t\t\t\t\t<\/div>\n\t\t\t\t\t\t<\/div>\n\t\t\t\t<\/div>\n\t\t\t\t\t<\/div>\n\t\t<\/div>\n\t\t\t\t\t<\/div>\n\t\t<\/section>\n\t\t\t\t\t<\/div>\n\t\t<\/div>\n\t\t\t\t<div class=\"elementor-column elementor-col-50 elementor-top-column elementor-element elementor-element-50bc24f1\" data-id=\"50bc24f1\" data-element_type=\"column\">\n\t\t\t<div class=\"elementor-widget-wrap elementor-element-populated\">\n\t\t\t\t\t\t<div class=\"elementor-element elementor-element-17ecd8f9 elementor-widget elementor-widget-wd_image_or_svg\" data-id=\"17ecd8f9\" data-element_type=\"widget\" data-widget_type=\"wd_image_or_svg.default\">\n\t\t\t\t<div class=\"elementor-widget-container\">\n\t\t\t\t\t\n\t\t<div class=\"wd-image text-center\">\n\t\t\t\t\t\t\t\t<img fetchpriority=\"high\" decoding=\"async\" width=\"580\" height=\"500\" src=\"https:\/\/diyetisyensenakarabacak.com.tr\/wp-content\/uploads\/2025\/07\/Adsiz-tasarim-2025-07-02T133257.785.png\" class=\"attachment-full size-full\" alt=\"\" srcset=\"https:\/\/diyetisyensenakarabacak.com.tr\/wp-content\/uploads\/2025\/07\/Adsiz-tasarim-2025-07-02T133257.785.png 580w, https:\/\/diyetisyensenakarabacak.com.tr\/wp-content\/uploads\/2025\/07\/Adsiz-tasarim-2025-07-02T133257.785-348x300.png 348w, https:\/\/diyetisyensenakarabacak.com.tr\/wp-content\/uploads\/2025\/07\/Adsiz-tasarim-2025-07-02T133257.785-430x371.png 430w, https:\/\/diyetisyensenakarabacak.com.tr\/wp-content\/uploads\/2025\/07\/Adsiz-tasarim-2025-07-02T133257.785-150x129.png 150w\" sizes=\"(max-width: 580px) 100vw, 580px\" \/>\t\t\t\t\t<\/div>\n\n\t\t\t\t\t\t<\/div>\n\t\t\t\t<\/div>\n\t\t\t\t\t<\/div>\n\t\t<\/div>\n\t\t\t\t\t<\/div>\n\t\t<\/section>\n\t\t\t\t<\/div>\n\t\t","protected":false},"excerpt":{"rendered":"<p>Wonder \u0130le Zay\u0131flama Wonder estetik zay\u0131flama, elektromanyetik kas sim\u00fclasyonu ile b\u00f6lgesel ya\u011flardan ve sel\u00fclitlerden kurtulmak m\u00fcmk\u00fcn hale gelmektedir. Ya\u011flar\u0131 yakarak<\/p>\n","protected":false},"author":1,"featured_media":0,"parent":0,"menu_order":0,"comment_status":"closed","ping_status":"closed","template":"","meta":{"pagelayer_contact_templates":[],"_pagelayer_content":"","footnotes":""},"class_list":["post-15822","page","type-page","status-publish","hentry"],"_links":{"self":[{"href":"https:\/\/diyetisyensenakarabacak.com.tr\/index.php?rest_route=\/wp\/v2\/pages\/15822","targetHints":{"allow":["GET"]}}],"collection":[{"href":"https:\/\/diyetisyensenakarabacak.com.tr\/index.php?rest_route=\/wp\/v2\/pages"}],"about":[{"href":"https:\/\/diyetisyensenakarabacak.com.tr\/index.php?rest_route=\/wp\/v2\/types\/page"}],"author":[{"embeddable":true,"href":"https:\/\/diyetisyensenakarabacak.com.tr\/index.php?rest_route=\/wp\/v2\/users\/1"}],"replies":[{"embeddable":true,"href":"https:\/\/diyetisyensenakarabacak.com.tr\/index.php?rest_route=%2Fwp%2Fv2%2Fcomments&post=15822"}],"version-history":[{"count":4,"href":"https:\/\/diyetisyensenakarabacak.com.tr\/index.php?rest_route=\/wp\/v2\/pages\/15822\/revisions"}],"predecessor-version":[{"id":15828,"href":"https:\/\/diyetisyensenakarabacak.com.tr\/index.php?rest_route=\/wp\/v2\/pages\/15822\/revisions\/15828"}],"wp:attachment":[{"href":"https:\/\/diyetisyensenakarabacak.com.tr\/index.php?rest_route=%2Fwp%2Fv2%2Fmedia&parent=15822"}],"curies":[{"name":"wp","href":"https:\/\/api.w.org\/{rel}","templated":true}]}}