{"id":15796,"date":"2025-07-02T06:42:20","date_gmt":"2025-07-02T06:42:20","guid":{"rendered":"https:\/\/diyetisyensenakarabacak.com.tr\/?page_id=15796"},"modified":"2025-07-02T06:59:21","modified_gmt":"2025-07-02T06:59:21","slug":"konya-hamilelikte-beslenme","status":"publish","type":"page","link":"https:\/\/diyetisyensenakarabacak.com.tr\/?page_id=15796","title":{"rendered":"Konya Hamilelikte Beslenme"},"content":{"rendered":"\t\t<div data-elementor-type=\"wp-page\" data-elementor-id=\"15796\" class=\"elementor elementor-15796\">\n\t\t\t\t\t\t<section class=\"wd-negative-gap elementor-section elementor-top-section elementor-element elementor-element-505c0eee wd-section-stretch elementor-section-content-middle elementor-section-boxed elementor-section-height-default elementor-section-height-default\" data-id=\"505c0eee\" data-element_type=\"section\" data-settings=\"{&quot;background_background&quot;:&quot;classic&quot;}\">\n\t\t\t\t\t\t\t<div class=\"elementor-background-overlay\"><\/div>\n\t\t\t\t\t\t\t<div class=\"elementor-container elementor-column-gap-no\">\n\t\t\t\t\t<div class=\"elementor-column elementor-col-50 elementor-top-column elementor-element elementor-element-65a30c60\" data-id=\"65a30c60\" data-element_type=\"column\" data-settings=\"{&quot;background_background&quot;:&quot;classic&quot;}\">\n\t\t\t<div class=\"elementor-widget-wrap elementor-element-populated\">\n\t\t\t\t\t\t<section class=\"wd-negative-gap elementor-section elementor-inner-section elementor-element elementor-element-27472bd9 elementor-section-boxed elementor-section-height-default elementor-section-height-default\" data-id=\"27472bd9\" data-element_type=\"section\" data-settings=\"{&quot;background_background&quot;:&quot;classic&quot;}\">\n\t\t\t\t\t\t<div class=\"elementor-container elementor-column-gap-default\">\n\t\t\t\t\t<div class=\"elementor-column elementor-col-100 elementor-inner-column elementor-element elementor-element-4c3a9152\" data-id=\"4c3a9152\" data-element_type=\"column\">\n\t\t\t<div class=\"elementor-widget-wrap elementor-element-populated\">\n\t\t\t\t\t\t<div class=\"elementor-element elementor-element-704adb62 wd-width-100 elementor-widget elementor-widget-wd_title\" data-id=\"704adb62\" data-element_type=\"widget\" data-widget_type=\"wd_title.default\">\n\t\t\t\t<div class=\"elementor-widget-container\">\n\t\t\t\t\t\t\t\t<link rel=\"stylesheet\" id=\"wd-section-title-css\" href=\"https:\/\/diyetisyensenakarabacak.com.tr\/wp-content\/themes\/woodmart\/css\/parts\/el-section-title.min.css?ver=7.6.0\" type=\"text\/css\" media=\"all\" \/> \t\t\t\t\t<div class=\"title-wrapper set-mb-s reset-last-child wd-title-color-default wd-title-style-default wd-title-size-default text-left\">\n\n\t\t\t\n\t\t\t<div class=\"liner-continer\">\n\t\t\t\t<h4 class=\"woodmart-title-container title wd-fontsize-l\">Hamilelikte Beslenme<\/h4> \n\t\t\t\t\t\t\t<\/div>\n\n\t\t\t\t\t<\/div>\n\t\t\t\t\t\t<\/div>\n\t\t\t\t<\/div>\n\t\t\t\t<div class=\"elementor-element elementor-element-5db0bb91 elementor-widget elementor-widget-wd_text_block\" data-id=\"5db0bb91\" data-element_type=\"widget\" data-widget_type=\"wd_text_block.default\">\n\t\t\t\t<div class=\"elementor-widget-container\">\n\t\t\t\t\t\t\t\t<link rel=\"stylesheet\" id=\"wd-text-block-css\" href=\"https:\/\/diyetisyensenakarabacak.com.tr\/wp-content\/themes\/woodmart\/css\/parts\/el-text-block.min.css?ver=7.6.0\" type=\"text\/css\" media=\"all\" \/> \t\t\t\t\t<div class=\"wd-text-block reset-last-child text-left\">\n\t\t\t\n\t\t\t<p>Hamilelikte beslenme, normal beslenme program\u0131na g\u00f6re daha fazla enerji ve besin \u00f6\u011felerine ihtiya\u00e7 duyulabilen bir s\u00fcre\u00e7 olabilir.Gebelik s\u00fcreci \u00fc\u00e7 ayl\u0131k d\u00f6nemleri kapsayan ve \u201ctrimester\u201d ad\u0131 verilen hamilelik evrelerinden olu\u015fur. Bu evrelerin her birinde bebe\u011fin ve annenin enerji ve besin \u00f6\u011fesi ihtiyac\u0131 farkl\u0131l\u0131k g\u00f6sterebilir.Gebelik s\u00fcrecinin ikinci \u00fc\u00e7 ay\u0131n\u0131 kapsayan ikinci trimesterde karbonhidratlar, proteinler, ya\u011flar, vitaminler, mineraller, lif ve bol bol su i\u00e7eren yeterli ve dengeli bir diyeti takip etmeye devam etmelisiniz.<\/p>\n\t\t\t\t\t<\/div>\n\t\t\t\t\t\t<\/div>\n\t\t\t\t<\/div>\n\t\t\t\t\t<\/div>\n\t\t<\/div>\n\t\t\t\t\t<\/div>\n\t\t<\/section>\n\t\t\t\t\t<\/div>\n\t\t<\/div>\n\t\t\t\t<div class=\"elementor-column elementor-col-50 elementor-top-column elementor-element elementor-element-1e156d68\" data-id=\"1e156d68\" data-element_type=\"column\">\n\t\t\t<div class=\"elementor-widget-wrap elementor-element-populated\">\n\t\t\t\t\t\t<div class=\"elementor-element elementor-element-4c2cfa1 elementor-widget elementor-widget-wd_image_or_svg\" data-id=\"4c2cfa1\" data-element_type=\"widget\" data-widget_type=\"wd_image_or_svg.default\">\n\t\t\t\t<div class=\"elementor-widget-container\">\n\t\t\t\t\t\n\t\t<div class=\"wd-image text-center\">\n\t\t\t\t\t\t\t\t<img fetchpriority=\"high\" decoding=\"async\" width=\"580\" height=\"500\" src=\"https:\/\/diyetisyensenakarabacak.com.tr\/wp-content\/uploads\/2025\/07\/Adsiz-tasarim-2025-07-02T095912.783.png\" class=\"attachment-full size-full\" alt=\"\" srcset=\"https:\/\/diyetisyensenakarabacak.com.tr\/wp-content\/uploads\/2025\/07\/Adsiz-tasarim-2025-07-02T095912.783.png 580w, https:\/\/diyetisyensenakarabacak.com.tr\/wp-content\/uploads\/2025\/07\/Adsiz-tasarim-2025-07-02T095912.783-348x300.png 348w, https:\/\/diyetisyensenakarabacak.com.tr\/wp-content\/uploads\/2025\/07\/Adsiz-tasarim-2025-07-02T095912.783-430x371.png 430w, https:\/\/diyetisyensenakarabacak.com.tr\/wp-content\/uploads\/2025\/07\/Adsiz-tasarim-2025-07-02T095912.783-150x129.png 150w\" sizes=\"(max-width: 580px) 100vw, 580px\" \/>\t\t\t\t\t<\/div>\n\n\t\t\t\t\t\t<\/div>\n\t\t\t\t<\/div>\n\t\t\t\t\t<\/div>\n\t\t<\/div>\n\t\t\t\t\t<\/div>\n\t\t<\/section>\n\t\t\t\t<\/div>\n\t\t","protected":false},"excerpt":{"rendered":"<p>Hamilelikte Beslenme Hamilelikte beslenme, normal beslenme program\u0131na g\u00f6re daha fazla enerji ve besin \u00f6\u011felerine ihtiya\u00e7 duyulabilen bir s\u00fcre\u00e7 olabilir.Gebelik s\u00fcreci<\/p>\n","protected":false},"author":1,"featured_media":0,"parent":0,"menu_order":0,"comment_status":"closed","ping_status":"closed","template":"","meta":{"pagelayer_contact_templates":[],"_pagelayer_content":"","footnotes":""},"class_list":["post-15796","page","type-page","status-publish","hentry"],"_links":{"self":[{"href":"https:\/\/diyetisyensenakarabacak.com.tr\/index.php?rest_route=\/wp\/v2\/pages\/15796","targetHints":{"allow":["GET"]}}],"collection":[{"href":"https:\/\/diyetisyensenakarabacak.com.tr\/index.php?rest_route=\/wp\/v2\/pages"}],"about":[{"href":"https:\/\/diyetisyensenakarabacak.com.tr\/index.php?rest_route=\/wp\/v2\/types\/page"}],"author":[{"embeddable":true,"href":"https:\/\/diyetisyensenakarabacak.com.tr\/index.php?rest_route=\/wp\/v2\/users\/1"}],"replies":[{"embeddable":true,"href":"https:\/\/diyetisyensenakarabacak.com.tr\/index.php?rest_route=%2Fwp%2Fv2%2Fcomments&post=15796"}],"version-history":[{"count":4,"href":"https:\/\/diyetisyensenakarabacak.com.tr\/index.php?rest_route=\/wp\/v2\/pages\/15796\/revisions"}],"predecessor-version":[{"id":15802,"href":"https:\/\/diyetisyensenakarabacak.com.tr\/index.php?rest_route=\/wp\/v2\/pages\/15796\/revisions\/15802"}],"wp:attachment":[{"href":"https:\/\/diyetisyensenakarabacak.com.tr\/index.php?rest_route=%2Fwp%2Fv2%2Fmedia&parent=15796"}],"curies":[{"name":"wp","href":"https:\/\/api.w.org\/{rel}","templated":true}]}}