{"id":15701,"date":"2025-07-01T10:18:23","date_gmt":"2025-07-01T10:18:23","guid":{"rendered":"https:\/\/diyetisyensenakarabacak.com.tr\/?page_id=15701"},"modified":"2025-07-01T10:23:55","modified_gmt":"2025-07-01T10:23:55","slug":"konya-kalici-kilo-verme","status":"publish","type":"page","link":"https:\/\/diyetisyensenakarabacak.com.tr\/?page_id=15701","title":{"rendered":"Konya Kal\u0131c\u0131 Kilo Verme"},"content":{"rendered":"\t\t<div data-elementor-type=\"wp-page\" data-elementor-id=\"15701\" class=\"elementor elementor-15701\">\n\t\t\t\t\t\t<section class=\"wd-negative-gap elementor-section elementor-top-section elementor-element elementor-element-527125c2 wd-section-stretch elementor-section-content-middle elementor-section-boxed elementor-section-height-default elementor-section-height-default\" data-id=\"527125c2\" data-element_type=\"section\" data-settings=\"{&quot;background_background&quot;:&quot;classic&quot;}\">\n\t\t\t\t\t\t\t<div class=\"elementor-background-overlay\"><\/div>\n\t\t\t\t\t\t\t<div class=\"elementor-container elementor-column-gap-no\">\n\t\t\t\t\t<div class=\"elementor-column elementor-col-50 elementor-top-column elementor-element elementor-element-44ada594\" data-id=\"44ada594\" data-element_type=\"column\" data-settings=\"{&quot;background_background&quot;:&quot;classic&quot;}\">\n\t\t\t<div class=\"elementor-widget-wrap elementor-element-populated\">\n\t\t\t\t\t\t<section class=\"wd-negative-gap elementor-section elementor-inner-section elementor-element elementor-element-22f6784 elementor-section-boxed elementor-section-height-default elementor-section-height-default\" data-id=\"22f6784\" data-element_type=\"section\" data-settings=\"{&quot;background_background&quot;:&quot;classic&quot;}\">\n\t\t\t\t\t\t<div class=\"elementor-container elementor-column-gap-default\">\n\t\t\t\t\t<div class=\"elementor-column elementor-col-100 elementor-inner-column elementor-element elementor-element-5d261d6b\" data-id=\"5d261d6b\" data-element_type=\"column\">\n\t\t\t<div class=\"elementor-widget-wrap elementor-element-populated\">\n\t\t\t\t\t\t<div class=\"elementor-element elementor-element-1e2a0ad4 wd-width-100 elementor-widget elementor-widget-wd_title\" data-id=\"1e2a0ad4\" data-element_type=\"widget\" data-widget_type=\"wd_title.default\">\n\t\t\t\t<div class=\"elementor-widget-container\">\n\t\t\t\t\t\t\t\t<link rel=\"stylesheet\" id=\"wd-section-title-css\" href=\"https:\/\/diyetisyensenakarabacak.com.tr\/wp-content\/themes\/woodmart\/css\/parts\/el-section-title.min.css?ver=7.6.0\" type=\"text\/css\" media=\"all\" \/> \t\t\t\t\t<div class=\"title-wrapper set-mb-s reset-last-child wd-title-color-default wd-title-style-default wd-title-size-default text-left\">\n\n\t\t\t\n\t\t\t<div class=\"liner-continer\">\n\t\t\t\t<h4 class=\"woodmart-title-container title wd-fontsize-l\">Kal\u0131c\u0131 Kilo Verme<\/h4> \n\t\t\t\t\t\t\t<\/div>\n\n\t\t\t\t\t<\/div>\n\t\t\t\t\t\t<\/div>\n\t\t\t\t<\/div>\n\t\t\t\t<div class=\"elementor-element elementor-element-7938e8d7 elementor-widget elementor-widget-wd_text_block\" data-id=\"7938e8d7\" data-element_type=\"widget\" data-widget_type=\"wd_text_block.default\">\n\t\t\t\t<div class=\"elementor-widget-container\">\n\t\t\t\t\t\t\t\t<link rel=\"stylesheet\" id=\"wd-text-block-css\" href=\"https:\/\/diyetisyensenakarabacak.com.tr\/wp-content\/themes\/woodmart\/css\/parts\/el-text-block.min.css?ver=7.6.0\" type=\"text\/css\" media=\"all\" \/> \t\t\t\t\t<div class=\"wd-text-block reset-last-child text-left\">\n\t\t\t\n\t\t\t<p>G\u00fcn\u00fcm\u00fcz\u00fcn en s\u0131k kar\u015f\u0131la\u015f\u0131lan sorunlar\u0131ndan biri olan obezite yani \u015fi\u015fmanl\u0131k durumu, s\u00fcrekli hareketsiz olma ve\u00a0<strong>sa\u011fl\u0131ks\u0131z beslenme<\/strong>\u00a0sonucu ortaya \u00e7\u0131kmaktad\u0131r. Y\u00fcksek kolesterole, diyabete, tiroid bozuklu\u011funa, kalp ve damar hastal\u0131klar\u0131na, metabolik hastal\u0131klara yol a\u00e7abildi\u011fi gibi en \u00f6nemlisi sonu\u00e7lar\u0131 \u00f6l\u00fcme kadar gidebilmektedir. Sa\u011fl\u0131kl\u0131 ve dengeli\u00a0<strong>beslenme programlar\u0131<\/strong>\u00a0ile \u015fi\u015fmanl\u0131k durumu tamamen ortadan kalkabilir. Fazla kilolar\u0131 ile ba\u015f eden ki\u015filer nas\u0131l kilo verebilirim, sa\u011fl\u0131kl\u0131 diyet nas\u0131l olmal\u0131, nas\u0131l sa\u011fl\u0131kl\u0131 beslenebilirim gibi sorular\u0131 \u00e7ok\u00e7a ara\u015ft\u0131rmaktad\u0131r.\u00a0<strong>Sa\u011fl\u0131kl\u0131 beslenmek<\/strong>\u00a0ve fazla kilolar\u0131ndan kurtulmak isteyenler bir diyetisyene ba\u015fvurup kendine uygun diyeti uygulamaya \u00e7al\u0131\u015f\u0131rlar.<\/p>\n\t\t\t\t\t<\/div>\n\t\t\t\t\t\t<\/div>\n\t\t\t\t<\/div>\n\t\t\t\t<div class=\"elementor-element elementor-element-4245f94f elementor-widget elementor-widget-wd_text_block\" data-id=\"4245f94f\" data-element_type=\"widget\" data-widget_type=\"wd_text_block.default\">\n\t\t\t\t<div class=\"elementor-widget-container\">\n\t\t\t\t\t\t\t<div class=\"wd-text-block reset-last-child text-left\">\n\t\t\t\n\t\t\t<p>And produce say the ten moments parties. Simple innate summer fat appear basket his desire joy. Outward clothes promise at gravity.<\/p>\n\t\t\t\t\t<\/div>\n\t\t\t\t\t\t<\/div>\n\t\t\t\t<\/div>\n\t\t\t\t\t<\/div>\n\t\t<\/div>\n\t\t\t\t\t<\/div>\n\t\t<\/section>\n\t\t\t\t\t<\/div>\n\t\t<\/div>\n\t\t\t\t<div class=\"elementor-column elementor-col-50 elementor-top-column elementor-element elementor-element-6ed90d43\" data-id=\"6ed90d43\" data-element_type=\"column\">\n\t\t\t<div class=\"elementor-widget-wrap elementor-element-populated\">\n\t\t\t\t\t\t<div class=\"elementor-element elementor-element-4ec5c128 elementor-widget elementor-widget-wd_image_or_svg\" data-id=\"4ec5c128\" data-element_type=\"widget\" data-widget_type=\"wd_image_or_svg.default\">\n\t\t\t\t<div class=\"elementor-widget-container\">\n\t\t\t\t\t\n\t\t<div class=\"wd-image text-center\">\n\t\t\t\t\t\t\t\t<img fetchpriority=\"high\" decoding=\"async\" width=\"580\" height=\"500\" src=\"https:\/\/diyetisyensenakarabacak.com.tr\/wp-content\/uploads\/2025\/07\/Adsiz-tasarim-2.png\" class=\"attachment-full size-full\" alt=\"\" srcset=\"https:\/\/diyetisyensenakarabacak.com.tr\/wp-content\/uploads\/2025\/07\/Adsiz-tasarim-2.png 580w, https:\/\/diyetisyensenakarabacak.com.tr\/wp-content\/uploads\/2025\/07\/Adsiz-tasarim-2-348x300.png 348w, https:\/\/diyetisyensenakarabacak.com.tr\/wp-content\/uploads\/2025\/07\/Adsiz-tasarim-2-430x371.png 430w, https:\/\/diyetisyensenakarabacak.com.tr\/wp-content\/uploads\/2025\/07\/Adsiz-tasarim-2-150x129.png 150w\" sizes=\"(max-width: 580px) 100vw, 580px\" \/>\t\t\t\t\t<\/div>\n\n\t\t\t\t\t\t<\/div>\n\t\t\t\t<\/div>\n\t\t\t\t\t<\/div>\n\t\t<\/div>\n\t\t\t\t\t<\/div>\n\t\t<\/section>\n\t\t\t\t<\/div>\n\t\t","protected":false},"excerpt":{"rendered":"<p>Kal\u0131c\u0131 Kilo Verme G\u00fcn\u00fcm\u00fcz\u00fcn en s\u0131k kar\u015f\u0131la\u015f\u0131lan sorunlar\u0131ndan biri olan obezite yani \u015fi\u015fmanl\u0131k durumu, s\u00fcrekli hareketsiz olma ve\u00a0sa\u011fl\u0131ks\u0131z beslenme\u00a0sonucu ortaya<\/p>\n","protected":false},"author":1,"featured_media":0,"parent":0,"menu_order":0,"comment_status":"closed","ping_status":"closed","template":"","meta":{"pagelayer_contact_templates":[],"_pagelayer_content":"","footnotes":""},"class_list":["post-15701","page","type-page","status-publish","hentry"],"_links":{"self":[{"href":"https:\/\/diyetisyensenakarabacak.com.tr\/index.php?rest_route=\/wp\/v2\/pages\/15701","targetHints":{"allow":["GET"]}}],"collection":[{"href":"https:\/\/diyetisyensenakarabacak.com.tr\/index.php?rest_route=\/wp\/v2\/pages"}],"about":[{"href":"https:\/\/diyetisyensenakarabacak.com.tr\/index.php?rest_route=\/wp\/v2\/types\/page"}],"author":[{"embeddable":true,"href":"https:\/\/diyetisyensenakarabacak.com.tr\/index.php?rest_route=\/wp\/v2\/users\/1"}],"replies":[{"embeddable":true,"href":"https:\/\/diyetisyensenakarabacak.com.tr\/index.php?rest_route=%2Fwp%2Fv2%2Fcomments&post=15701"}],"version-history":[{"count":7,"href":"https:\/\/diyetisyensenakarabacak.com.tr\/index.php?rest_route=\/wp\/v2\/pages\/15701\/revisions"}],"predecessor-version":[{"id":15721,"href":"https:\/\/diyetisyensenakarabacak.com.tr\/index.php?rest_route=\/wp\/v2\/pages\/15701\/revisions\/15721"}],"wp:attachment":[{"href":"https:\/\/diyetisyensenakarabacak.com.tr\/index.php?rest_route=%2Fwp%2Fv2%2Fmedia&parent=15701"}],"curies":[{"name":"wp","href":"https:\/\/api.w.org\/{rel}","templated":true}]}}