{"id":15682,"date":"2025-07-01T10:06:12","date_gmt":"2025-07-01T10:06:12","guid":{"rendered":"https:\/\/diyetisyensenakarabacak.com.tr\/?page_id=15682"},"modified":"2025-07-01T10:17:28","modified_gmt":"2025-07-01T10:17:28","slug":"konya-beslenme-programi","status":"publish","type":"page","link":"https:\/\/diyetisyensenakarabacak.com.tr\/?page_id=15682","title":{"rendered":"Konya Beslenme Program\u0131"},"content":{"rendered":"\t\t<div data-elementor-type=\"wp-page\" data-elementor-id=\"15682\" class=\"elementor elementor-15682\">\n\t\t\t\t\t\t<section class=\"wd-negative-gap elementor-section elementor-top-section elementor-element elementor-element-24b2ad03 wd-section-stretch elementor-section-content-middle elementor-section-boxed elementor-section-height-default elementor-section-height-default\" data-id=\"24b2ad03\" data-element_type=\"section\" data-settings=\"{&quot;background_background&quot;:&quot;classic&quot;}\">\n\t\t\t\t\t\t\t<div class=\"elementor-background-overlay\"><\/div>\n\t\t\t\t\t\t\t<div class=\"elementor-container elementor-column-gap-no\">\n\t\t\t\t\t<div class=\"elementor-column elementor-col-50 elementor-top-column elementor-element elementor-element-1378f532\" data-id=\"1378f532\" data-element_type=\"column\" data-settings=\"{&quot;background_background&quot;:&quot;classic&quot;}\">\n\t\t\t<div class=\"elementor-widget-wrap elementor-element-populated\">\n\t\t\t\t\t\t<section class=\"wd-negative-gap elementor-section elementor-inner-section elementor-element elementor-element-761f5e31 elementor-section-boxed elementor-section-height-default elementor-section-height-default\" data-id=\"761f5e31\" data-element_type=\"section\" data-settings=\"{&quot;background_background&quot;:&quot;classic&quot;}\">\n\t\t\t\t\t\t<div class=\"elementor-container elementor-column-gap-default\">\n\t\t\t\t\t<div class=\"elementor-column elementor-col-100 elementor-inner-column elementor-element elementor-element-61441c64\" data-id=\"61441c64\" data-element_type=\"column\">\n\t\t\t<div class=\"elementor-widget-wrap elementor-element-populated\">\n\t\t\t\t\t\t<div class=\"elementor-element elementor-element-7654b90f wd-width-100 elementor-widget elementor-widget-wd_title\" data-id=\"7654b90f\" data-element_type=\"widget\" data-widget_type=\"wd_title.default\">\n\t\t\t\t<div class=\"elementor-widget-container\">\n\t\t\t\t\t\t\t\t<link rel=\"stylesheet\" id=\"wd-section-title-css\" href=\"https:\/\/diyetisyensenakarabacak.com.tr\/wp-content\/themes\/woodmart\/css\/parts\/el-section-title.min.css?ver=7.6.0\" type=\"text\/css\" media=\"all\" \/> \t\t\t\t\t<div class=\"title-wrapper set-mb-s reset-last-child wd-title-color-default wd-title-style-default wd-title-size-default text-left\">\n\n\t\t\t\n\t\t\t<div class=\"liner-continer\">\n\t\t\t\t<h4 class=\"woodmart-title-container title wd-fontsize-l\">Beslenme Program\u0131<\/h4> \n\t\t\t\t\t\t\t<\/div>\n\n\t\t\t\t\t<\/div>\n\t\t\t\t\t\t<\/div>\n\t\t\t\t<\/div>\n\t\t\t\t<div class=\"elementor-element elementor-element-7924099f elementor-widget elementor-widget-wd_text_block\" data-id=\"7924099f\" data-element_type=\"widget\" data-widget_type=\"wd_text_block.default\">\n\t\t\t\t<div class=\"elementor-widget-container\">\n\t\t\t\t\t\t\t\t<link rel=\"stylesheet\" id=\"wd-text-block-css\" href=\"https:\/\/diyetisyensenakarabacak.com.tr\/wp-content\/themes\/woodmart\/css\/parts\/el-text-block.min.css?ver=7.6.0\" type=\"text\/css\" media=\"all\" \/> \t\t\t\t\t<div class=\"wd-text-block reset-last-child text-left\">\n\t\t\t\n\t\t\t<p>Her \u00e7e\u015fit besinin bile\u015fiminde de\u011fi\u015fik miktarlarda besin \u00f6geleri bulunur. Besinler t\u00fcketildikten sonra sindirim sisteminde besin \u00f6gelerine par\u00e7alan\u0131r ve v\u00fccutta \u00f6yle kullan\u0131l\u0131r.<\/p><p>Bug\u00fcne kadar sa\u011fl\u0131kl\u0131 beslenme bilimi \u00fczerindeki ara\u015ft\u0131rmalar, insan\u0131n b\u00fcy\u00fcme, geli\u015fme ve sa\u011fl\u0131kl\u0131 olarak ya\u015fam\u0131n\u0131 s\u00fcrd\u00fcrmesi i\u00e7in 50'den fazla t\u00fcrde besin \u00f6gesine gereksinim duydu\u011funu g\u00f6stermi\u015ftir.\u00a0<\/p><p><strong>Sa\u011fl\u0131kl\u0131 beslenme program\u0131<\/strong>, g\u00fcnl\u00fck gereksinim duyulan besin \u00f6gelerini, temel besin gruplar\u0131n\u0131 yeterli ve dengeli d\u00fczeyde kar\u015f\u0131lar.<\/p>\n\t\t\t\t\t<\/div>\n\t\t\t\t\t\t<\/div>\n\t\t\t\t<\/div>\n\t\t\t\t\t<\/div>\n\t\t<\/div>\n\t\t\t\t\t<\/div>\n\t\t<\/section>\n\t\t\t\t\t<\/div>\n\t\t<\/div>\n\t\t\t\t<div class=\"elementor-column elementor-col-50 elementor-top-column elementor-element elementor-element-714cb311\" data-id=\"714cb311\" data-element_type=\"column\">\n\t\t\t<div class=\"elementor-widget-wrap elementor-element-populated\">\n\t\t\t\t\t\t<div class=\"elementor-element elementor-element-1739005c elementor-widget elementor-widget-wd_image_or_svg\" data-id=\"1739005c\" data-element_type=\"widget\" data-widget_type=\"wd_image_or_svg.default\">\n\t\t\t\t<div class=\"elementor-widget-container\">\n\t\t\t\t\t\n\t\t<div class=\"wd-image text-center\">\n\t\t\t\t\t\t\t\t<img fetchpriority=\"high\" decoding=\"async\" width=\"580\" height=\"500\" src=\"https:\/\/diyetisyensenakarabacak.com.tr\/wp-content\/uploads\/2025\/07\/Adsiz-tasarim-2025-07-01T131715.878.png\" class=\"attachment-full size-full\" alt=\"\" srcset=\"https:\/\/diyetisyensenakarabacak.com.tr\/wp-content\/uploads\/2025\/07\/Adsiz-tasarim-2025-07-01T131715.878.png 580w, https:\/\/diyetisyensenakarabacak.com.tr\/wp-content\/uploads\/2025\/07\/Adsiz-tasarim-2025-07-01T131715.878-348x300.png 348w, https:\/\/diyetisyensenakarabacak.com.tr\/wp-content\/uploads\/2025\/07\/Adsiz-tasarim-2025-07-01T131715.878-430x371.png 430w, https:\/\/diyetisyensenakarabacak.com.tr\/wp-content\/uploads\/2025\/07\/Adsiz-tasarim-2025-07-01T131715.878-150x129.png 150w\" sizes=\"(max-width: 580px) 100vw, 580px\" \/>\t\t\t\t\t<\/div>\n\n\t\t\t\t\t\t<\/div>\n\t\t\t\t<\/div>\n\t\t\t\t\t<\/div>\n\t\t<\/div>\n\t\t\t\t\t<\/div>\n\t\t<\/section>\n\t\t\t\t<\/div>\n\t\t","protected":false},"excerpt":{"rendered":"<p>Beslenme Program\u0131 Her \u00e7e\u015fit besinin bile\u015fiminde de\u011fi\u015fik miktarlarda besin \u00f6geleri bulunur. Besinler t\u00fcketildikten sonra sindirim sisteminde besin \u00f6gelerine par\u00e7alan\u0131r ve<\/p>\n","protected":false},"author":1,"featured_media":0,"parent":0,"menu_order":0,"comment_status":"closed","ping_status":"closed","template":"","meta":{"pagelayer_contact_templates":[],"_pagelayer_content":"","footnotes":""},"class_list":["post-15682","page","type-page","status-publish","hentry"],"_links":{"self":[{"href":"https:\/\/diyetisyensenakarabacak.com.tr\/index.php?rest_route=\/wp\/v2\/pages\/15682","targetHints":{"allow":["GET"]}}],"collection":[{"href":"https:\/\/diyetisyensenakarabacak.com.tr\/index.php?rest_route=\/wp\/v2\/pages"}],"about":[{"href":"https:\/\/diyetisyensenakarabacak.com.tr\/index.php?rest_route=\/wp\/v2\/types\/page"}],"author":[{"embeddable":true,"href":"https:\/\/diyetisyensenakarabacak.com.tr\/index.php?rest_route=\/wp\/v2\/users\/1"}],"replies":[{"embeddable":true,"href":"https:\/\/diyetisyensenakarabacak.com.tr\/index.php?rest_route=%2Fwp%2Fv2%2Fcomments&post=15682"}],"version-history":[{"count":5,"href":"https:\/\/diyetisyensenakarabacak.com.tr\/index.php?rest_route=\/wp\/v2\/pages\/15682\/revisions"}],"predecessor-version":[{"id":15705,"href":"https:\/\/diyetisyensenakarabacak.com.tr\/index.php?rest_route=\/wp\/v2\/pages\/15682\/revisions\/15705"}],"wp:attachment":[{"href":"https:\/\/diyetisyensenakarabacak.com.tr\/index.php?rest_route=%2Fwp%2Fv2%2Fmedia&parent=15682"}],"curies":[{"name":"wp","href":"https:\/\/api.w.org\/{rel}","templated":true}]}}