{"id":15668,"date":"2025-07-01T09:20:46","date_gmt":"2025-07-01T09:20:46","guid":{"rendered":"https:\/\/diyetisyensenakarabacak.com.tr\/?page_id=15668"},"modified":"2025-07-01T09:29:50","modified_gmt":"2025-07-01T09:29:50","slug":"konya-hastaliklarda-beslenme","status":"publish","type":"page","link":"https:\/\/diyetisyensenakarabacak.com.tr\/?page_id=15668","title":{"rendered":"Konya Hastal\u0131klarda Beslenme"},"content":{"rendered":"\t\t<div data-elementor-type=\"wp-page\" data-elementor-id=\"15668\" class=\"elementor elementor-15668\">\n\t\t\t\t\t\t<section class=\"wd-negative-gap elementor-section elementor-top-section elementor-element elementor-element-65ec3ff4 wd-section-stretch elementor-section-content-middle elementor-section-boxed elementor-section-height-default elementor-section-height-default\" data-id=\"65ec3ff4\" data-element_type=\"section\" data-settings=\"{&quot;background_background&quot;:&quot;classic&quot;}\">\n\t\t\t\t\t\t\t<div class=\"elementor-background-overlay\"><\/div>\n\t\t\t\t\t\t\t<div class=\"elementor-container elementor-column-gap-no\">\n\t\t\t\t\t<div class=\"elementor-column elementor-col-50 elementor-top-column elementor-element elementor-element-637696a0\" data-id=\"637696a0\" data-element_type=\"column\" data-settings=\"{&quot;background_background&quot;:&quot;classic&quot;}\">\n\t\t\t<div class=\"elementor-widget-wrap elementor-element-populated\">\n\t\t\t\t\t\t<section class=\"wd-negative-gap elementor-section elementor-inner-section elementor-element elementor-element-3979f512 elementor-section-boxed elementor-section-height-default elementor-section-height-default\" data-id=\"3979f512\" data-element_type=\"section\" data-settings=\"{&quot;background_background&quot;:&quot;classic&quot;}\">\n\t\t\t\t\t\t<div class=\"elementor-container elementor-column-gap-default\">\n\t\t\t\t\t<div class=\"elementor-column elementor-col-100 elementor-inner-column elementor-element elementor-element-7e3a7678\" data-id=\"7e3a7678\" data-element_type=\"column\">\n\t\t\t<div class=\"elementor-widget-wrap elementor-element-populated\">\n\t\t\t\t\t\t<div class=\"elementor-element elementor-element-7cab996a wd-width-100 elementor-widget elementor-widget-wd_title\" data-id=\"7cab996a\" data-element_type=\"widget\" data-widget_type=\"wd_title.default\">\n\t\t\t\t<div class=\"elementor-widget-container\">\n\t\t\t\t\t\t\t\t<link rel=\"stylesheet\" id=\"wd-section-title-css\" href=\"https:\/\/diyetisyensenakarabacak.com.tr\/wp-content\/themes\/woodmart\/css\/parts\/el-section-title.min.css?ver=7.6.0\" type=\"text\/css\" media=\"all\" \/> \t\t\t\t\t<div class=\"title-wrapper set-mb-s reset-last-child wd-title-color-default wd-title-style-default wd-title-size-default text-left\">\n\n\t\t\t\n\t\t\t<div class=\"liner-continer\">\n\t\t\t\t<h4 class=\"woodmart-title-container title wd-fontsize-l\">Hastal\u0131klarda Beslenme<\/h4> \n\t\t\t\t\t\t\t<\/div>\n\n\t\t\t\t\t<\/div>\n\t\t\t\t\t\t<\/div>\n\t\t\t\t<\/div>\n\t\t\t\t<div class=\"elementor-element elementor-element-648ac0d2 elementor-widget elementor-widget-wd_text_block\" data-id=\"648ac0d2\" data-element_type=\"widget\" data-widget_type=\"wd_text_block.default\">\n\t\t\t\t<div class=\"elementor-widget-container\">\n\t\t\t\t\t\t\t\t<link rel=\"stylesheet\" id=\"wd-text-block-css\" href=\"https:\/\/diyetisyensenakarabacak.com.tr\/wp-content\/themes\/woodmart\/css\/parts\/el-text-block.min.css?ver=7.6.0\" type=\"text\/css\" media=\"all\" \/> \t\t\t\t\t<div class=\"wd-text-block reset-last-child text-left\">\n\t\t\t\n\t\t\t<p>Hastal\u0131klarda beslenme, hastal\u0131k esnas\u0131nda tedavi s\u00fcrecini desteklemek ve hastan\u0131n hayal kalitesini art\u0131rmak ama\u00e7l\u0131 olarak uygulan\u0131r. Beslenmenin \u00f6nemi hastal\u0131klarda olduk\u00e7a \u00f6nemlidir. Ancak yaln\u0131zca hastal\u0131klarda de\u011fil, beslenme hastal\u0131klardan korunmak ad\u0131na da her birey i\u00e7in \u00e7ok \u00f6nemlidir. Bu nedenle ki\u015fi hayat\u0131nda k\u00fc\u00e7\u00fck de\u011fi\u015fiklikler yaparak beslenme al\u0131\u015fkanl\u0131klar\u0131n\u0131 d\u00fczeltmeli, \u00f6l\u00e7\u00fcl\u00fc ve dengeli beslenerek ihtiyac\u0131 olan enerji ve besin de\u011ferini v\u00fccuduna almal\u0131d\u0131r.Hastal\u0131klarda beslenme tedavisinin amac\u0131, bireylerin hastal\u0131k s\u00fcresince ya\u015fad\u0131klar\u0131 komplikasyonlar\u0131n beslenme y\u00f6n\u00fcyle azalt\u0131lmas\u0131, tedavinin hastan\u0131n ihtiyac\u0131 olan besin de\u011ferleri ve faydal\u0131 vitamin, minerallerce desteklenmesi ve elbette hastada fark\u0131ndal\u0131k olu\u015fturarak sa\u011fl\u0131kl\u0131 beslenme konusunda bilgi sahibi olmas\u0131n\u0131n; ya\u015fam boyu s\u00fcrd\u00fcr\u00fclebilir sa\u011fl\u0131kl\u0131 beslenme modellerini tercih etmesinin sa\u011flanmas\u0131d\u0131r.<\/p>\n\t\t\t\t\t<\/div>\n\t\t\t\t\t\t<\/div>\n\t\t\t\t<\/div>\n\t\t\t\t\t<\/div>\n\t\t<\/div>\n\t\t\t\t\t<\/div>\n\t\t<\/section>\n\t\t\t\t\t<\/div>\n\t\t<\/div>\n\t\t\t\t<div class=\"elementor-column elementor-col-50 elementor-top-column elementor-element elementor-element-7ac5675b\" data-id=\"7ac5675b\" data-element_type=\"column\">\n\t\t\t<div class=\"elementor-widget-wrap elementor-element-populated\">\n\t\t\t\t\t\t<div class=\"elementor-element elementor-element-4546f3b7 elementor-widget elementor-widget-wd_image_or_svg\" data-id=\"4546f3b7\" data-element_type=\"widget\" data-widget_type=\"wd_image_or_svg.default\">\n\t\t\t\t<div class=\"elementor-widget-container\">\n\t\t\t\t\t\n\t\t<div class=\"wd-image text-center\">\n\t\t\t\t\t\t\t\t<img fetchpriority=\"high\" decoding=\"async\" width=\"580\" height=\"500\" src=\"https:\/\/diyetisyensenakarabacak.com.tr\/wp-content\/uploads\/2025\/07\/Adsiz-tasarim-2025-07-01T122747.085.png\" class=\"attachment-full size-full\" alt=\"\" srcset=\"https:\/\/diyetisyensenakarabacak.com.tr\/wp-content\/uploads\/2025\/07\/Adsiz-tasarim-2025-07-01T122747.085.png 580w, https:\/\/diyetisyensenakarabacak.com.tr\/wp-content\/uploads\/2025\/07\/Adsiz-tasarim-2025-07-01T122747.085-348x300.png 348w, https:\/\/diyetisyensenakarabacak.com.tr\/wp-content\/uploads\/2025\/07\/Adsiz-tasarim-2025-07-01T122747.085-430x371.png 430w, https:\/\/diyetisyensenakarabacak.com.tr\/wp-content\/uploads\/2025\/07\/Adsiz-tasarim-2025-07-01T122747.085-150x129.png 150w\" sizes=\"(max-width: 580px) 100vw, 580px\" \/>\t\t\t\t\t<\/div>\n\n\t\t\t\t\t\t<\/div>\n\t\t\t\t<\/div>\n\t\t\t\t\t<\/div>\n\t\t<\/div>\n\t\t\t\t\t<\/div>\n\t\t<\/section>\n\t\t\t\t<\/div>\n\t\t","protected":false},"excerpt":{"rendered":"<p>Hastal\u0131klarda Beslenme Hastal\u0131klarda beslenme, hastal\u0131k esnas\u0131nda tedavi s\u00fcrecini desteklemek ve hastan\u0131n hayal kalitesini art\u0131rmak ama\u00e7l\u0131 olarak uygulan\u0131r. Beslenmenin \u00f6nemi hastal\u0131klarda<\/p>\n","protected":false},"author":1,"featured_media":0,"parent":0,"menu_order":0,"comment_status":"closed","ping_status":"closed","template":"","meta":{"pagelayer_contact_templates":[],"_pagelayer_content":"","footnotes":""},"class_list":["post-15668","page","type-page","status-publish","hentry"],"_links":{"self":[{"href":"https:\/\/diyetisyensenakarabacak.com.tr\/index.php?rest_route=\/wp\/v2\/pages\/15668","targetHints":{"allow":["GET"]}}],"collection":[{"href":"https:\/\/diyetisyensenakarabacak.com.tr\/index.php?rest_route=\/wp\/v2\/pages"}],"about":[{"href":"https:\/\/diyetisyensenakarabacak.com.tr\/index.php?rest_route=\/wp\/v2\/types\/page"}],"author":[{"embeddable":true,"href":"https:\/\/diyetisyensenakarabacak.com.tr\/index.php?rest_route=\/wp\/v2\/users\/1"}],"replies":[{"embeddable":true,"href":"https:\/\/diyetisyensenakarabacak.com.tr\/index.php?rest_route=%2Fwp%2Fv2%2Fcomments&post=15668"}],"version-history":[{"count":4,"href":"https:\/\/diyetisyensenakarabacak.com.tr\/index.php?rest_route=\/wp\/v2\/pages\/15668\/revisions"}],"predecessor-version":[{"id":15674,"href":"https:\/\/diyetisyensenakarabacak.com.tr\/index.php?rest_route=\/wp\/v2\/pages\/15668\/revisions\/15674"}],"wp:attachment":[{"href":"https:\/\/diyetisyensenakarabacak.com.tr\/index.php?rest_route=%2Fwp%2Fv2%2Fmedia&parent=15668"}],"curies":[{"name":"wp","href":"https:\/\/api.w.org\/{rel}","templated":true}]}}